{"id":593,"date":"2020-08-03T10:27:12","date_gmt":"2020-08-03T10:27:12","guid":{"rendered":"https:\/\/casselman.activar.ca\/home\/"},"modified":"2025-02-05T14:05:57","modified_gmt":"2025-02-05T19:05:57","slug":"accueil","status":"publish","type":"page","link":"https:\/\/microtelcasselman.com\/en\/","title":{"rendered":"HOME"},"content":{"rendered":"","protected":false},"excerpt":{"rendered":"<p>\u00c0 la sortie 66 de l\u2019autoroute 417, Microtel Casselman vous offre des chambres modernes et confortables et un service \u00e0 la client\u00e8le prim\u00e9.<\/p>\n","protected":false},"author":2,"featured_media":0,"parent":0,"menu_order":0,"comment_status":"closed","ping_status":"closed","template":"","meta":{"content-type":"","_monsterinsights_skip_tracking":false,"_monsterinsights_sitenote_active":false,"_monsterinsights_sitenote_note":"","_monsterinsights_sitenote_category":0,"footnotes":""},"class_list":["post-593","page","type-page","status-publish","hentry"],"aioseo_notices":[],"_links":{"self":[{"href":"https:\/\/microtelcasselman.com\/en\/wp-json\/wp\/v2\/pages\/593","targetHints":{"allow":["GET"]}}],"collection":[{"href":"https:\/\/microtelcasselman.com\/en\/wp-json\/wp\/v2\/pages"}],"about":[{"href":"https:\/\/microtelcasselman.com\/en\/wp-json\/wp\/v2\/types\/page"}],"author":[{"embeddable":true,"href":"https:\/\/microtelcasselman.com\/en\/wp-json\/wp\/v2\/users\/2"}],"replies":[{"embeddable":true,"href":"https:\/\/microtelcasselman.com\/en\/wp-json\/wp\/v2\/comments?post=593"}],"version-history":[{"count":4,"href":"https:\/\/microtelcasselman.com\/en\/wp-json\/wp\/v2\/pages\/593\/revisions"}],"predecessor-version":[{"id":1118,"href":"https:\/\/microtelcasselman.com\/en\/wp-json\/wp\/v2\/pages\/593\/revisions\/1118"}],"wp:attachment":[{"href":"https:\/\/microtelcasselman.com\/en\/wp-json\/wp\/v2\/media?parent=593"}],"curies":[{"name":"wp","href":"https:\/\/api.w.org\/{rel}","templated":true}]}}